{"id":846,"date":"2023-09-21T20:06:56","date_gmt":"2023-09-21T20:06:56","guid":{"rendered":"https:\/\/redi.jalisco.gob.mx\/blog\/?page_id=846"},"modified":"2024-10-17T18:47:40","modified_gmt":"2024-10-17T18:47:40","slug":"eventos-redi-ocotlan","status":"publish","type":"page","link":"https:\/\/redi.jalisco.gob.mx\/blog\/eventos-redi-ocotlan\/","title":{"rendered":"Eventos REDI Ocotl\u00e1n"},"content":{"rendered":"\t\t<div data-elementor-type=\"wp-page\" data-elementor-id=\"846\" class=\"elementor elementor-846\">\n\t\t\t\t\t\t<section class=\"elementor-section elementor-top-section elementor-element elementor-element-8753a09 elementor-section-full_width elementor-section-height-min-height elementor-section-stretched elementor-section-height-default elementor-section-items-middle\" data-id=\"8753a09\" data-element_type=\"section\" data-settings=\"{&quot;stretch_section&quot;:&quot;section-stretched&quot;,&quot;background_background&quot;:&quot;slideshow&quot;,&quot;background_slideshow_gallery&quot;:[{&quot;id&quot;:891,&quot;url&quot;:&quot;https:\\\/\\\/redi.jalisco.gob.mx\\\/blog\\\/wp-content\\\/uploads\\\/2023\\\/09\\\/bg-home-top.jpg&quot;},{&quot;id&quot;:892,&quot;url&quot;:&quot;https:\\\/\\\/redi.jalisco.gob.mx\\\/blog\\\/wp-content\\\/uploads\\\/2023\\\/09\\\/bg-home-top.png&quot;},{&quot;id&quot;:893,&quot;url&quot;:&quot;https:\\\/\\\/redi.jalisco.gob.mx\\\/blog\\\/wp-content\\\/uploads\\\/2023\\\/09\\\/bg-home-top2.png&quot;}],&quot;background_slideshow_slide_transition&quot;:&quot;slide_left&quot;,&quot;background_slideshow_loop&quot;:&quot;yes&quot;,&quot;background_slideshow_slide_duration&quot;:5000,&quot;background_slideshow_transition_duration&quot;:500}\">\n\t\t\t\t\t\t<div class=\"elementor-container elementor-column-gap-no\">\n\t\t\t\t\t<div class=\"elementor-column elementor-col-100 elementor-top-column elementor-element elementor-element-ff3d72d\" data-id=\"ff3d72d\" data-element_type=\"column\">\n\t\t\t<div class=\"elementor-widget-wrap elementor-element-populated\">\n\t\t\t\t\t\t<div class=\"elementor-element elementor-element-12d01ed elementor-widget elementor-widget-heading\" data-id=\"12d01ed\" data-element_type=\"widget\" data-widget_type=\"heading.default\">\n\t\t\t\t<div class=\"elementor-widget-container\">\n\t\t\t\t\t<h2 id=\"agenda-de-eventos\" class=\"elementor-heading-title elementor-size-default\">Agenda de <\/br> Eventos<\/h2>\t\t\t\t<\/div>\n\t\t\t\t<\/div>\n\t\t\t\t\t<\/div>\n\t\t<\/div>\n\t\t\t\t\t<\/div>\n\t\t<\/section>\n\t\t\t\t<section class=\"elementor-section elementor-top-section elementor-element elementor-element-7777add elementor-section-full_width elementor-section-stretched elementor-section-height-default elementor-section-height-default\" data-id=\"7777add\" data-element_type=\"section\" data-settings=\"{&quot;background_background&quot;:&quot;classic&quot;,&quot;stretch_section&quot;:&quot;section-stretched&quot;}\">\n\t\t\t\t\t\t\t<div class=\"elementor-background-overlay\"><\/div>\n\t\t\t\t\t\t\t<div class=\"elementor-container elementor-column-gap-default\">\n\t\t\t\t\t<div class=\"elementor-column elementor-col-100 elementor-top-column elementor-element elementor-element-c46fc47\" data-id=\"c46fc47\" data-element_type=\"column\">\n\t\t\t<div class=\"elementor-widget-wrap elementor-element-populated\">\n\t\t\t\t\t\t<div class=\"elementor-element elementor-element-d76b64c elementor-widget elementor-widget-elementskit-heading\" data-id=\"d76b64c\" data-element_type=\"widget\" data-widget_type=\"elementskit-heading.default\">\n\t\t\t\t<div class=\"elementor-widget-container\">\n\t\t\t\t\t<div class=\"ekit-wid-con\" ><div class=\"ekit-heading elementskit-section-title-wraper text_center   ekit_heading_tablet-   ekit_heading_mobile-\"><h2 id=\"redi-ocotlan\" class=\"ekit-heading--title elementskit-section-title \">REDi <span><span>Ocotl\u00e1n<\/span><\/span><\/h2><div class=\"ekit_heading_separetor_wraper ekit_heading_elementskit-border-divider\"><div class=\"elementskit-border-divider\"><\/div><\/div><\/div><\/div>\t\t\t\t<\/div>\n\t\t\t\t<\/div>\n\t\t\t\t\t<\/div>\n\t\t<\/div>\n\t\t\t\t\t<\/div>\n\t\t<\/section>\n\t\t\t\t<section class=\"elementor-section elementor-top-section elementor-element elementor-element-0b1d5c3 elementor-section-boxed elementor-section-height-default elementor-section-height-default\" data-id=\"0b1d5c3\" data-element_type=\"section\">\n\t\t\t\t\t\t<div class=\"elementor-container elementor-column-gap-default\">\n\t\t\t\t\t<div class=\"elementor-column elementor-col-50 elementor-top-column elementor-element elementor-element-628798c\" data-id=\"628798c\" data-element_type=\"column\">\n\t\t\t<div class=\"elementor-widget-wrap elementor-element-populated\">\n\t\t\t\t\t\t<div class=\"elementor-element elementor-element-56eb8a2 elementor-widget elementor-widget-e_image_hover_effects\" data-id=\"56eb8a2\" data-element_type=\"widget\" data-widget_type=\"e_image_hover_effects.default\">\n\t\t\t\t<div class=\"elementor-widget-container\">\n\t\t\t\t\t\t\t\t<a href=\"https:\/\/www.eventbrite.com.mx\/e\/la-segunda-es-inteligencia-organizacional-tickets-943739679787?aff=ebdsoporgprofile\">\n\t\t\t\t\t<div class=\"eihe-box eihe-fade-in-up eihe_\">\n\t\t\t\t<img fetchpriority=\"high\" decoding=\"async\" width=\"1200\" height=\"600\" src=\"https:\/\/redi.jalisco.gob.mx\/blog\/wp-content\/uploads\/2024\/10\/Ocotlan_10.10_TW.png\" class=\"attachment-full size-full wp-image-3320\" alt=\"\" srcset=\"https:\/\/redi.jalisco.gob.mx\/blog\/wp-content\/uploads\/2024\/10\/Ocotlan_10.10_TW.png 1200w, https:\/\/redi.jalisco.gob.mx\/blog\/wp-content\/uploads\/2024\/10\/Ocotlan_10.10_TW-300x150.png 300w, https:\/\/redi.jalisco.gob.mx\/blog\/wp-content\/uploads\/2024\/10\/Ocotlan_10.10_TW-1024x512.png 1024w, https:\/\/redi.jalisco.gob.mx\/blog\/wp-content\/uploads\/2024\/10\/Ocotlan_10.10_TW-768x384.png 768w, https:\/\/redi.jalisco.gob.mx\/blog\/wp-content\/uploads\/2024\/10\/Ocotlan_10.10_TW-110x55.png 110w, https:\/\/redi.jalisco.gob.mx\/blog\/wp-content\/uploads\/2024\/10\/Ocotlan_10.10_TW-200x100.png 200w, https:\/\/redi.jalisco.gob.mx\/blog\/wp-content\/uploads\/2024\/10\/Ocotlan_10.10_TW-380x190.png 380w, https:\/\/redi.jalisco.gob.mx\/blog\/wp-content\/uploads\/2024\/10\/Ocotlan_10.10_TW-255x128.png 255w, https:\/\/redi.jalisco.gob.mx\/blog\/wp-content\/uploads\/2024\/10\/Ocotlan_10.10_TW-550x275.png 550w, https:\/\/redi.jalisco.gob.mx\/blog\/wp-content\/uploads\/2024\/10\/Ocotlan_10.10_TW-800x400.png 800w, https:\/\/redi.jalisco.gob.mx\/blog\/wp-content\/uploads\/2024\/10\/Ocotlan_10.10_TW-1160x580.png 1160w\" sizes=\"(max-width: 1200px) 100vw, 1200px\" \/>\t\t\t\t<div class=\"eihe-caption\">\n\t\t\t\t\t<div class=\"eihe-title-cover\">\n\t\t\t\t\t\t\t\t\t\t\t\t<h3 id=\"la-segunda-es-inteligencia-organizacional\" class=\"eihe-title\">La segunda es Inteligencia Organizacional<\/h3>\n\t\t\t\t\t\t\t\t\t\t\t<\/div>\n\t\t\t\t\t<p>\u00bfQuieres que tu organizaci\u00f3n tome decisiones m\u00e1s inteligentes y estrat\u00e9gicas? Descubre c\u00f3mo la inteligencia organizacional puede transformar la forma en que operas y lideras. En nuestra charla \"Inteligencia Organizacional\", aprender\u00e1s a integrar datos, an\u00e1lisis y conocimientos estrat\u00e9gicos para mejorar la toma de decisiones y fortalecer la competitividad de tu empresa.<\/p>\n\t\t\t\t<\/div>\n\t\t\t<\/div>\n\t\t\t\t\t<\/a>\n\t\t\t\t\t\t<\/div>\n\t\t\t\t<\/div>\n\t\t\t\t<div class=\"elementor-element elementor-element-97251f9 elementor-widget elementor-widget-e_image_hover_effects\" data-id=\"97251f9\" data-element_type=\"widget\" data-widget_type=\"e_image_hover_effects.default\">\n\t\t\t\t<div class=\"elementor-widget-container\">\n\t\t\t\t\t\t\t\t<a href=\"https:\/\/www.eventbrite.com.mx\/e\/design-thinking-en-el-desarrollo-de-productos-y-servicios-tickets-943742397917?aff=ebdsoporgprofile\">\n\t\t\t\t\t<div class=\"eihe-box eihe-fade-in-up eihe_\">\n\t\t\t\t<img decoding=\"async\" width=\"1200\" height=\"600\" src=\"https:\/\/redi.jalisco.gob.mx\/blog\/wp-content\/uploads\/2024\/10\/Ocotlan_24.10_TW.png\" class=\"attachment-full size-full wp-image-3413\" alt=\"\" srcset=\"https:\/\/redi.jalisco.gob.mx\/blog\/wp-content\/uploads\/2024\/10\/Ocotlan_24.10_TW.png 1200w, https:\/\/redi.jalisco.gob.mx\/blog\/wp-content\/uploads\/2024\/10\/Ocotlan_24.10_TW-300x150.png 300w, https:\/\/redi.jalisco.gob.mx\/blog\/wp-content\/uploads\/2024\/10\/Ocotlan_24.10_TW-1024x512.png 1024w, https:\/\/redi.jalisco.gob.mx\/blog\/wp-content\/uploads\/2024\/10\/Ocotlan_24.10_TW-768x384.png 768w, https:\/\/redi.jalisco.gob.mx\/blog\/wp-content\/uploads\/2024\/10\/Ocotlan_24.10_TW-110x55.png 110w, https:\/\/redi.jalisco.gob.mx\/blog\/wp-content\/uploads\/2024\/10\/Ocotlan_24.10_TW-200x100.png 200w, https:\/\/redi.jalisco.gob.mx\/blog\/wp-content\/uploads\/2024\/10\/Ocotlan_24.10_TW-380x190.png 380w, https:\/\/redi.jalisco.gob.mx\/blog\/wp-content\/uploads\/2024\/10\/Ocotlan_24.10_TW-255x128.png 255w, https:\/\/redi.jalisco.gob.mx\/blog\/wp-content\/uploads\/2024\/10\/Ocotlan_24.10_TW-550x275.png 550w, https:\/\/redi.jalisco.gob.mx\/blog\/wp-content\/uploads\/2024\/10\/Ocotlan_24.10_TW-800x400.png 800w, https:\/\/redi.jalisco.gob.mx\/blog\/wp-content\/uploads\/2024\/10\/Ocotlan_24.10_TW-1160x580.png 1160w\" sizes=\"(max-width: 1200px) 100vw, 1200px\" \/>\t\t\t\t<div class=\"eihe-caption\">\n\t\t\t\t\t<div class=\"eihe-title-cover\">\n\t\t\t\t\t\t\t\t\t\t\t\t<h3 id=\"design-thinking-en-el-desarrollo-de-productos-y-servicios\" class=\"eihe-title\">Design Thinking en el Desarrollo de Productos y Servicios<\/h3>\n\t\t\t\t\t\t\t\t\t\t\t<\/div>\n\t\t\t\t\t<p>\u00bfEst\u00e1s buscando innovar y crear productos o servicios que realmente conecten con tus clientes? \u00a1Esta charla es para ti! Aprender\u00e1s a aplicar las poderosas metodolog\u00edas de Design Thinking para transformar tus ideas en soluciones centradas en el usuario.<\/p>\n\t\t\t\t<\/div>\n\t\t\t<\/div>\n\t\t\t\t\t<\/a>\n\t\t\t\t\t\t<\/div>\n\t\t\t\t<\/div>\n\t\t\t\t\t<\/div>\n\t\t<\/div>\n\t\t\t\t<div class=\"elementor-column elementor-col-50 elementor-top-column elementor-element elementor-element-076451f\" data-id=\"076451f\" data-element_type=\"column\">\n\t\t\t<div class=\"elementor-widget-wrap elementor-element-populated\">\n\t\t\t\t\t\t<div class=\"elementor-element elementor-element-872b0d5 elementor-widget elementor-widget-e_image_hover_effects\" data-id=\"872b0d5\" data-element_type=\"widget\" data-widget_type=\"e_image_hover_effects.default\">\n\t\t\t\t<div class=\"elementor-widget-container\">\n\t\t\t\t\t\t\t\t<a href=\"https:\/\/www.eventbrite.com.mx\/e\/como-implementar-tecnologia-en-un-negocio-tradicional-y-no-morir-en-el-int-tickets-943741224407?aff=ebdsoporgprofile\">\n\t\t\t\t\t<div class=\"eihe-box eihe-fade-in-up eihe_\">\n\t\t\t\t<img decoding=\"async\" width=\"1200\" height=\"600\" src=\"https:\/\/redi.jalisco.gob.mx\/blog\/wp-content\/uploads\/2024\/10\/Ocotlan_17.10_TW.png\" class=\"attachment-full size-full wp-image-3381\" alt=\"\" srcset=\"https:\/\/redi.jalisco.gob.mx\/blog\/wp-content\/uploads\/2024\/10\/Ocotlan_17.10_TW.png 1200w, https:\/\/redi.jalisco.gob.mx\/blog\/wp-content\/uploads\/2024\/10\/Ocotlan_17.10_TW-300x150.png 300w, https:\/\/redi.jalisco.gob.mx\/blog\/wp-content\/uploads\/2024\/10\/Ocotlan_17.10_TW-1024x512.png 1024w, https:\/\/redi.jalisco.gob.mx\/blog\/wp-content\/uploads\/2024\/10\/Ocotlan_17.10_TW-768x384.png 768w, https:\/\/redi.jalisco.gob.mx\/blog\/wp-content\/uploads\/2024\/10\/Ocotlan_17.10_TW-110x55.png 110w, https:\/\/redi.jalisco.gob.mx\/blog\/wp-content\/uploads\/2024\/10\/Ocotlan_17.10_TW-200x100.png 200w, https:\/\/redi.jalisco.gob.mx\/blog\/wp-content\/uploads\/2024\/10\/Ocotlan_17.10_TW-380x190.png 380w, https:\/\/redi.jalisco.gob.mx\/blog\/wp-content\/uploads\/2024\/10\/Ocotlan_17.10_TW-255x128.png 255w, https:\/\/redi.jalisco.gob.mx\/blog\/wp-content\/uploads\/2024\/10\/Ocotlan_17.10_TW-550x275.png 550w, https:\/\/redi.jalisco.gob.mx\/blog\/wp-content\/uploads\/2024\/10\/Ocotlan_17.10_TW-800x400.png 800w, https:\/\/redi.jalisco.gob.mx\/blog\/wp-content\/uploads\/2024\/10\/Ocotlan_17.10_TW-1160x580.png 1160w\" sizes=\"(max-width: 1200px) 100vw, 1200px\" \/>\t\t\t\t<div class=\"eihe-caption\">\n\t\t\t\t\t<div class=\"eihe-title-cover\">\n\t\t\t\t\t\t\t\t\t\t\t\t<h3 id=\"como-implementar-tecnologia-en-un-negocio-tradicional-y-no-morir-en-el-intento\" class=\"eihe-title\">\u00bfC\u00f3mo implementar tecnolog\u00eda en un negocio tradicional y no morir en el intento?<\/h3>\n\t\t\t\t\t\t\t\t\t\t\t<\/div>\n\t\t\t\t\t<p>Te brindar\u00e1 las herramientas y conocimientos necesarios para integrar tecnolog\u00eda de manera efectiva y sin complicaciones. Aprende a identificar las tecnolog\u00edas m\u00e1s adecuadas para tu negocio, superar desaf\u00edos comunes y maximizar los beneficios de la digitalizaci\u00f3n.<\/p>\n\t\t\t\t<\/div>\n\t\t\t<\/div>\n\t\t\t\t\t<\/a>\n\t\t\t\t\t\t<\/div>\n\t\t\t\t<\/div>\n\t\t\t\t\t<\/div>\n\t\t<\/div>\n\t\t\t\t\t<\/div>\n\t\t<\/section>\n\t\t\t\t<\/div>\n\t\t","protected":false},"excerpt":{"rendered":"Agenda de Eventos REDi Ocotl\u00e1n La segunda es Inteligencia Organizacional \u00bfQuieres que tu organizaci\u00f3n tome decisiones m\u00e1s inteligentes&hellip;\n","protected":false},"author":1,"featured_media":0,"parent":0,"menu_order":0,"comment_status":"closed","ping_status":"closed","template":"elementor_header_footer","meta":{"footnotes":""},"class_list":["post-846","page","type-page","status-publish"],"_links":{"self":[{"href":"https:\/\/redi.jalisco.gob.mx\/blog\/wp-json\/wp\/v2\/pages\/846","targetHints":{"allow":["GET"]}}],"collection":[{"href":"https:\/\/redi.jalisco.gob.mx\/blog\/wp-json\/wp\/v2\/pages"}],"about":[{"href":"https:\/\/redi.jalisco.gob.mx\/blog\/wp-json\/wp\/v2\/types\/page"}],"author":[{"embeddable":true,"href":"https:\/\/redi.jalisco.gob.mx\/blog\/wp-json\/wp\/v2\/users\/1"}],"replies":[{"embeddable":true,"href":"https:\/\/redi.jalisco.gob.mx\/blog\/wp-json\/wp\/v2\/comments?post=846"}],"version-history":[{"count":156,"href":"https:\/\/redi.jalisco.gob.mx\/blog\/wp-json\/wp\/v2\/pages\/846\/revisions"}],"predecessor-version":[{"id":3423,"href":"https:\/\/redi.jalisco.gob.mx\/blog\/wp-json\/wp\/v2\/pages\/846\/revisions\/3423"}],"wp:attachment":[{"href":"https:\/\/redi.jalisco.gob.mx\/blog\/wp-json\/wp\/v2\/media?parent=846"}],"curies":[{"name":"wp","href":"https:\/\/api.w.org\/{rel}","templated":true}]}}