{"id":856,"date":"2023-09-21T20:29:02","date_gmt":"2023-09-21T20:29:02","guid":{"rendered":"https:\/\/redi.jalisco.gob.mx\/blog\/?page_id=856"},"modified":"2024-11-14T17:36:12","modified_gmt":"2024-11-14T17:36:12","slug":"eventos-redi-zapotlan-el-grande","status":"publish","type":"page","link":"https:\/\/redi.jalisco.gob.mx\/blog\/eventos-redi-zapotlan-el-grande\/","title":{"rendered":"Eventos REDI Zapotl\u00e1n el Grande"},"content":{"rendered":"\t\t<div data-elementor-type=\"wp-page\" data-elementor-id=\"856\" class=\"elementor elementor-856\">\n\t\t\t\t\t\t<section class=\"elementor-section elementor-top-section elementor-element elementor-element-6d977f5 elementor-section-full_width elementor-section-height-min-height elementor-section-stretched elementor-section-height-default elementor-section-items-middle\" data-id=\"6d977f5\" data-element_type=\"section\" data-settings=\"{&quot;stretch_section&quot;:&quot;section-stretched&quot;,&quot;background_background&quot;:&quot;slideshow&quot;,&quot;background_slideshow_gallery&quot;:[{&quot;id&quot;:891,&quot;url&quot;:&quot;https:\\\/\\\/redi.jalisco.gob.mx\\\/blog\\\/wp-content\\\/uploads\\\/2023\\\/09\\\/bg-home-top.jpg&quot;},{&quot;id&quot;:892,&quot;url&quot;:&quot;https:\\\/\\\/redi.jalisco.gob.mx\\\/blog\\\/wp-content\\\/uploads\\\/2023\\\/09\\\/bg-home-top.png&quot;},{&quot;id&quot;:893,&quot;url&quot;:&quot;https:\\\/\\\/redi.jalisco.gob.mx\\\/blog\\\/wp-content\\\/uploads\\\/2023\\\/09\\\/bg-home-top2.png&quot;}],&quot;background_slideshow_slide_transition&quot;:&quot;slide_left&quot;,&quot;background_slideshow_loop&quot;:&quot;yes&quot;,&quot;background_slideshow_slide_duration&quot;:5000,&quot;background_slideshow_transition_duration&quot;:500}\">\n\t\t\t\t\t\t<div class=\"elementor-container elementor-column-gap-no\">\n\t\t\t\t\t<div class=\"elementor-column elementor-col-100 elementor-top-column elementor-element elementor-element-8204529\" data-id=\"8204529\" data-element_type=\"column\">\n\t\t\t<div class=\"elementor-widget-wrap elementor-element-populated\">\n\t\t\t\t\t\t<div class=\"elementor-element elementor-element-a709389 elementor-widget elementor-widget-heading\" data-id=\"a709389\" data-element_type=\"widget\" data-widget_type=\"heading.default\">\n\t\t\t\t<div class=\"elementor-widget-container\">\n\t\t\t\t\t<h2 id=\"agenda-de-eventos\" class=\"elementor-heading-title elementor-size-default\">Agenda de <\/br> Eventos<\/h2>\t\t\t\t<\/div>\n\t\t\t\t<\/div>\n\t\t\t\t\t<\/div>\n\t\t<\/div>\n\t\t\t\t\t<\/div>\n\t\t<\/section>\n\t\t\t\t<section class=\"elementor-section elementor-top-section elementor-element elementor-element-bf31231 elementor-section-full_width elementor-section-stretched elementor-section-height-default elementor-section-height-default\" data-id=\"bf31231\" data-element_type=\"section\" data-settings=\"{&quot;background_background&quot;:&quot;classic&quot;,&quot;stretch_section&quot;:&quot;section-stretched&quot;}\">\n\t\t\t\t\t\t\t<div class=\"elementor-background-overlay\"><\/div>\n\t\t\t\t\t\t\t<div class=\"elementor-container elementor-column-gap-default\">\n\t\t\t\t\t<div class=\"elementor-column elementor-col-100 elementor-top-column elementor-element elementor-element-66c7660\" data-id=\"66c7660\" data-element_type=\"column\">\n\t\t\t<div class=\"elementor-widget-wrap elementor-element-populated\">\n\t\t\t\t\t\t<div class=\"elementor-element elementor-element-4afb5d2 elementor-widget elementor-widget-elementskit-heading\" data-id=\"4afb5d2\" data-element_type=\"widget\" data-widget_type=\"elementskit-heading.default\">\n\t\t\t\t<div class=\"elementor-widget-container\">\n\t\t\t\t\t<div class=\"ekit-wid-con\" ><div class=\"ekit-heading elementskit-section-title-wraper text_center   ekit_heading_tablet-   ekit_heading_mobile-\"><h2 id=\"redi-zapotlan-el-grande\" class=\"ekit-heading--title elementskit-section-title \">REDi <span><span>Zapotl\u00e1n el Grande<\/span><\/span><\/h2><div class=\"ekit_heading_separetor_wraper ekit_heading_elementskit-border-divider\"><div class=\"elementskit-border-divider\"><\/div><\/div><\/div><\/div>\t\t\t\t<\/div>\n\t\t\t\t<\/div>\n\t\t\t\t\t<\/div>\n\t\t<\/div>\n\t\t\t\t\t<\/div>\n\t\t<\/section>\n\t\t\t\t<section class=\"elementor-section elementor-top-section elementor-element elementor-element-f3a0e7b elementor-section-boxed elementor-section-height-default elementor-section-height-default\" data-id=\"f3a0e7b\" data-element_type=\"section\">\n\t\t\t\t\t\t<div class=\"elementor-container elementor-column-gap-default\">\n\t\t\t\t\t<div class=\"elementor-column elementor-col-50 elementor-top-column elementor-element elementor-element-4706270\" data-id=\"4706270\" data-element_type=\"column\">\n\t\t\t<div class=\"elementor-widget-wrap elementor-element-populated\">\n\t\t\t\t\t\t<div class=\"elementor-element elementor-element-b0989e7 elementor-widget elementor-widget-e_image_hover_effects\" data-id=\"b0989e7\" data-element_type=\"widget\" data-widget_type=\"e_image_hover_effects.default\">\n\t\t\t\t<div class=\"elementor-widget-container\">\n\t\t\t\t\t\t\t\t<a href=\"https:\/\/www.eventbrite.com.mx\/e\/aprende-finanzas-basicas-y-adquiere-el-simulador-financiero-tickets-1075930128979?aff=ebdsoporgprofile\">\n\t\t\t\t\t<div class=\"eihe-box eihe-fade-in-up eihe_\">\n\t\t\t\t<img fetchpriority=\"high\" decoding=\"async\" width=\"1200\" height=\"600\" src=\"https:\/\/redi.jalisco.gob.mx\/blog\/wp-content\/uploads\/2024\/11\/Zapotlan_19.11_TW_.png\" class=\"attachment-full size-full wp-image-3639\" alt=\"\" srcset=\"https:\/\/redi.jalisco.gob.mx\/blog\/wp-content\/uploads\/2024\/11\/Zapotlan_19.11_TW_.png 1200w, https:\/\/redi.jalisco.gob.mx\/blog\/wp-content\/uploads\/2024\/11\/Zapotlan_19.11_TW_-300x150.png 300w, https:\/\/redi.jalisco.gob.mx\/blog\/wp-content\/uploads\/2024\/11\/Zapotlan_19.11_TW_-1024x512.png 1024w, https:\/\/redi.jalisco.gob.mx\/blog\/wp-content\/uploads\/2024\/11\/Zapotlan_19.11_TW_-768x384.png 768w, https:\/\/redi.jalisco.gob.mx\/blog\/wp-content\/uploads\/2024\/11\/Zapotlan_19.11_TW_-110x55.png 110w, https:\/\/redi.jalisco.gob.mx\/blog\/wp-content\/uploads\/2024\/11\/Zapotlan_19.11_TW_-200x100.png 200w, https:\/\/redi.jalisco.gob.mx\/blog\/wp-content\/uploads\/2024\/11\/Zapotlan_19.11_TW_-380x190.png 380w, https:\/\/redi.jalisco.gob.mx\/blog\/wp-content\/uploads\/2024\/11\/Zapotlan_19.11_TW_-255x128.png 255w, https:\/\/redi.jalisco.gob.mx\/blog\/wp-content\/uploads\/2024\/11\/Zapotlan_19.11_TW_-550x275.png 550w, https:\/\/redi.jalisco.gob.mx\/blog\/wp-content\/uploads\/2024\/11\/Zapotlan_19.11_TW_-800x400.png 800w, https:\/\/redi.jalisco.gob.mx\/blog\/wp-content\/uploads\/2024\/11\/Zapotlan_19.11_TW_-1160x580.png 1160w\" sizes=\"(max-width: 1200px) 100vw, 1200px\" \/>\t\t\t\t<div class=\"eihe-caption\">\n\t\t\t\t\t<div class=\"eihe-title-cover\">\n\t\t\t\t\t\t\t\t\t\t\t\t<h3 id=\"aprende-finanzas-basicas-y-como-utilizar-un-simulador-financiero\" class=\"eihe-title\">Aprende finanzas b\u00e1sicas y c\u00f3mo utilizar un simulador financiero<\/h3>\n\t\t\t\t\t\t\t\t\t\t\t<\/div>\n\t\t\t\t\t<p>Dar a conocer los conceptos b\u00e1sicos de las fianzas as\u00ed como otorgar al participante un software para realizar una planeaci\u00f3n financiera, obteniendo datos que sirvan como herramienta para la toma de decisiones sobre sus proyectos.<\/p>\n\t\t\t\t<\/div>\n\t\t\t<\/div>\n\t\t\t\t\t<\/a>\n\t\t\t\t\t\t<\/div>\n\t\t\t\t<\/div>\n\t\t\t\t\t<\/div>\n\t\t<\/div>\n\t\t\t\t<div class=\"elementor-column elementor-col-50 elementor-top-column elementor-element elementor-element-5fdd0d0\" data-id=\"5fdd0d0\" data-element_type=\"column\">\n\t\t\t<div class=\"elementor-widget-wrap\">\n\t\t\t\t\t\t\t<\/div>\n\t\t<\/div>\n\t\t\t\t\t<\/div>\n\t\t<\/section>\n\t\t\t\t<\/div>\n\t\t","protected":false},"excerpt":{"rendered":"Agenda de Eventos REDi Zapotl\u00e1n el Grande Aprende finanzas b\u00e1sicas y c\u00f3mo utilizar un simulador financiero Dar a&hellip;\n","protected":false},"author":1,"featured_media":0,"parent":0,"menu_order":0,"comment_status":"closed","ping_status":"closed","template":"elementor_header_footer","meta":{"footnotes":""},"class_list":["post-856","page","type-page","status-publish"],"_links":{"self":[{"href":"https:\/\/redi.jalisco.gob.mx\/blog\/wp-json\/wp\/v2\/pages\/856","targetHints":{"allow":["GET"]}}],"collection":[{"href":"https:\/\/redi.jalisco.gob.mx\/blog\/wp-json\/wp\/v2\/pages"}],"about":[{"href":"https:\/\/redi.jalisco.gob.mx\/blog\/wp-json\/wp\/v2\/types\/page"}],"author":[{"embeddable":true,"href":"https:\/\/redi.jalisco.gob.mx\/blog\/wp-json\/wp\/v2\/users\/1"}],"replies":[{"embeddable":true,"href":"https:\/\/redi.jalisco.gob.mx\/blog\/wp-json\/wp\/v2\/comments?post=856"}],"version-history":[{"count":153,"href":"https:\/\/redi.jalisco.gob.mx\/blog\/wp-json\/wp\/v2\/pages\/856\/revisions"}],"predecessor-version":[{"id":3642,"href":"https:\/\/redi.jalisco.gob.mx\/blog\/wp-json\/wp\/v2\/pages\/856\/revisions\/3642"}],"wp:attachment":[{"href":"https:\/\/redi.jalisco.gob.mx\/blog\/wp-json\/wp\/v2\/media?parent=856"}],"curies":[{"name":"wp","href":"https:\/\/api.w.org\/{rel}","templated":true}]}}