{"id":868,"date":"2023-09-21T20:50:41","date_gmt":"2023-09-21T20:50:41","guid":{"rendered":"https:\/\/redi.jalisco.gob.mx\/blog\/?page_id=868"},"modified":"2024-11-25T18:14:17","modified_gmt":"2024-11-25T18:14:17","slug":"eventos-redi-tamazula","status":"publish","type":"page","link":"https:\/\/redi.jalisco.gob.mx\/blog\/eventos-redi-tamazula\/","title":{"rendered":"Eventos REDI Tamazula"},"content":{"rendered":"\t\t<div data-elementor-type=\"wp-page\" data-elementor-id=\"868\" class=\"elementor elementor-868\">\n\t\t\t\t\t\t<section class=\"elementor-section elementor-top-section elementor-element elementor-element-1958c4a elementor-section-full_width elementor-section-height-min-height elementor-section-stretched elementor-section-height-default elementor-section-items-middle\" data-id=\"1958c4a\" data-element_type=\"section\" data-settings=\"{&quot;stretch_section&quot;:&quot;section-stretched&quot;,&quot;background_background&quot;:&quot;slideshow&quot;,&quot;background_slideshow_gallery&quot;:[{&quot;id&quot;:891,&quot;url&quot;:&quot;https:\\\/\\\/redi.jalisco.gob.mx\\\/blog\\\/wp-content\\\/uploads\\\/2023\\\/09\\\/bg-home-top.jpg&quot;},{&quot;id&quot;:892,&quot;url&quot;:&quot;https:\\\/\\\/redi.jalisco.gob.mx\\\/blog\\\/wp-content\\\/uploads\\\/2023\\\/09\\\/bg-home-top.png&quot;},{&quot;id&quot;:893,&quot;url&quot;:&quot;https:\\\/\\\/redi.jalisco.gob.mx\\\/blog\\\/wp-content\\\/uploads\\\/2023\\\/09\\\/bg-home-top2.png&quot;}],&quot;background_slideshow_slide_transition&quot;:&quot;slide_left&quot;,&quot;background_slideshow_loop&quot;:&quot;yes&quot;,&quot;background_slideshow_slide_duration&quot;:5000,&quot;background_slideshow_transition_duration&quot;:500}\">\n\t\t\t\t\t\t<div class=\"elementor-container elementor-column-gap-no\">\n\t\t\t\t\t<div class=\"elementor-column elementor-col-100 elementor-top-column elementor-element elementor-element-a52c093\" data-id=\"a52c093\" data-element_type=\"column\">\n\t\t\t<div class=\"elementor-widget-wrap elementor-element-populated\">\n\t\t\t\t\t\t<div class=\"elementor-element elementor-element-3a8e310 elementor-widget elementor-widget-heading\" data-id=\"3a8e310\" data-element_type=\"widget\" data-widget_type=\"heading.default\">\n\t\t\t\t<div class=\"elementor-widget-container\">\n\t\t\t\t\t<h2 id=\"agenda-de-eventos\" class=\"elementor-heading-title elementor-size-default\">Agenda de <\/br> Eventos<\/h2>\t\t\t\t<\/div>\n\t\t\t\t<\/div>\n\t\t\t\t\t<\/div>\n\t\t<\/div>\n\t\t\t\t\t<\/div>\n\t\t<\/section>\n\t\t\t\t<section class=\"elementor-section elementor-top-section elementor-element elementor-element-43bf1f0 elementor-section-full_width elementor-section-stretched elementor-section-height-default elementor-section-height-default\" data-id=\"43bf1f0\" data-element_type=\"section\" data-settings=\"{&quot;background_background&quot;:&quot;classic&quot;,&quot;stretch_section&quot;:&quot;section-stretched&quot;}\">\n\t\t\t\t\t\t\t<div class=\"elementor-background-overlay\"><\/div>\n\t\t\t\t\t\t\t<div class=\"elementor-container elementor-column-gap-default\">\n\t\t\t\t\t<div class=\"elementor-column elementor-col-100 elementor-top-column elementor-element elementor-element-22f3217\" data-id=\"22f3217\" data-element_type=\"column\">\n\t\t\t<div class=\"elementor-widget-wrap elementor-element-populated\">\n\t\t\t\t\t\t<div class=\"elementor-element elementor-element-b07573a elementor-widget elementor-widget-elementskit-heading\" data-id=\"b07573a\" data-element_type=\"widget\" data-widget_type=\"elementskit-heading.default\">\n\t\t\t\t<div class=\"elementor-widget-container\">\n\t\t\t\t\t<div class=\"ekit-wid-con\" ><div class=\"ekit-heading elementskit-section-title-wraper text_center   ekit_heading_tablet-   ekit_heading_mobile-\"><h2 id=\"redi-tamazula\" class=\"ekit-heading--title elementskit-section-title \">REDi <span><span>Tamazula<\/span><\/span><\/h2><div class=\"ekit_heading_separetor_wraper ekit_heading_elementskit-border-divider\"><div class=\"elementskit-border-divider\"><\/div><\/div><\/div><\/div>\t\t\t\t<\/div>\n\t\t\t\t<\/div>\n\t\t\t\t\t<\/div>\n\t\t<\/div>\n\t\t\t\t\t<\/div>\n\t\t<\/section>\n\t\t\t\t<section class=\"elementor-section elementor-top-section elementor-element elementor-element-17d8ec8 elementor-section-boxed elementor-section-height-default elementor-section-height-default\" data-id=\"17d8ec8\" data-element_type=\"section\">\n\t\t\t\t\t\t<div class=\"elementor-container elementor-column-gap-default\">\n\t\t\t\t\t<div class=\"elementor-column elementor-col-50 elementor-top-column elementor-element elementor-element-758e147\" data-id=\"758e147\" data-element_type=\"column\">\n\t\t\t<div class=\"elementor-widget-wrap elementor-element-populated\">\n\t\t\t\t\t\t<div class=\"elementor-element elementor-element-60444df elementor-widget elementor-widget-e_image_hover_effects\" data-id=\"60444df\" data-element_type=\"widget\" data-widget_type=\"e_image_hover_effects.default\">\n\t\t\t\t<div class=\"elementor-widget-container\">\n\t\t\t\t\t\t\t\t<div class=\"eihe-box eihe-fade-in-up eihe_\">\n\t\t\t\t<img fetchpriority=\"high\" decoding=\"async\" width=\"1200\" height=\"600\" src=\"https:\/\/redi.jalisco.gob.mx\/blog\/wp-content\/uploads\/2024\/11\/Tamazula_26.11_TW.png\" class=\"attachment-full size-full wp-image-3676\" alt=\"\" srcset=\"https:\/\/redi.jalisco.gob.mx\/blog\/wp-content\/uploads\/2024\/11\/Tamazula_26.11_TW.png 1200w, https:\/\/redi.jalisco.gob.mx\/blog\/wp-content\/uploads\/2024\/11\/Tamazula_26.11_TW-300x150.png 300w, https:\/\/redi.jalisco.gob.mx\/blog\/wp-content\/uploads\/2024\/11\/Tamazula_26.11_TW-1024x512.png 1024w, https:\/\/redi.jalisco.gob.mx\/blog\/wp-content\/uploads\/2024\/11\/Tamazula_26.11_TW-768x384.png 768w, https:\/\/redi.jalisco.gob.mx\/blog\/wp-content\/uploads\/2024\/11\/Tamazula_26.11_TW-110x55.png 110w, https:\/\/redi.jalisco.gob.mx\/blog\/wp-content\/uploads\/2024\/11\/Tamazula_26.11_TW-200x100.png 200w, https:\/\/redi.jalisco.gob.mx\/blog\/wp-content\/uploads\/2024\/11\/Tamazula_26.11_TW-380x190.png 380w, https:\/\/redi.jalisco.gob.mx\/blog\/wp-content\/uploads\/2024\/11\/Tamazula_26.11_TW-255x128.png 255w, https:\/\/redi.jalisco.gob.mx\/blog\/wp-content\/uploads\/2024\/11\/Tamazula_26.11_TW-550x275.png 550w, https:\/\/redi.jalisco.gob.mx\/blog\/wp-content\/uploads\/2024\/11\/Tamazula_26.11_TW-800x400.png 800w, https:\/\/redi.jalisco.gob.mx\/blog\/wp-content\/uploads\/2024\/11\/Tamazula_26.11_TW-1160x580.png 1160w\" sizes=\"(max-width: 1200px) 100vw, 1200px\" \/>\t\t\t\t<div class=\"eihe-caption\">\n\t\t\t\t\t<div class=\"eihe-title-cover\">\n\t\t\t\t\t\t\t\t\t\t\t\t<h3 id=\"gestion-y-optimizacion-de-inventarios\" class=\"eihe-title\">Gesti\u00f3n y Optimizaci\u00f3n de Inventarios<\/h3>\n\t\t\t\t\t\t\t\t\t\t\t<\/div>\n\t\t\t\t\t<p>Curso dise\u00f1ado para mejorar el control y la rotaci\u00f3n de inventarios, con \u00e9nfasis en herramientas digitales de gesti\u00f3n y t\u00e9cnicas para evitar desabastecimientos o excesos. Ayuda a optimizar la operaci\u00f3n y reducir costos en el negocio.<\/p>\n\t\t\t\t<\/div>\n\t\t\t<\/div>\n\t\t\t\t\t\t<\/div>\n\t\t\t\t<\/div>\n\t\t\t\t\t<\/div>\n\t\t<\/div>\n\t\t\t\t<div class=\"elementor-column elementor-col-50 elementor-top-column elementor-element elementor-element-8ed51fe\" data-id=\"8ed51fe\" data-element_type=\"column\">\n\t\t\t<div class=\"elementor-widget-wrap\">\n\t\t\t\t\t\t\t<\/div>\n\t\t<\/div>\n\t\t\t\t\t<\/div>\n\t\t<\/section>\n\t\t\t\t<\/div>\n\t\t","protected":false},"excerpt":{"rendered":"Agenda de Eventos REDi Tamazula Gesti\u00f3n y Optimizaci\u00f3n de Inventarios Curso dise\u00f1ado para mejorar el control y la&hellip;\n","protected":false},"author":1,"featured_media":0,"parent":0,"menu_order":0,"comment_status":"closed","ping_status":"closed","template":"elementor_canvas","meta":{"footnotes":""},"class_list":["post-868","page","type-page","status-publish"],"_links":{"self":[{"href":"https:\/\/redi.jalisco.gob.mx\/blog\/wp-json\/wp\/v2\/pages\/868","targetHints":{"allow":["GET"]}}],"collection":[{"href":"https:\/\/redi.jalisco.gob.mx\/blog\/wp-json\/wp\/v2\/pages"}],"about":[{"href":"https:\/\/redi.jalisco.gob.mx\/blog\/wp-json\/wp\/v2\/types\/page"}],"author":[{"embeddable":true,"href":"https:\/\/redi.jalisco.gob.mx\/blog\/wp-json\/wp\/v2\/users\/1"}],"replies":[{"embeddable":true,"href":"https:\/\/redi.jalisco.gob.mx\/blog\/wp-json\/wp\/v2\/comments?post=868"}],"version-history":[{"count":66,"href":"https:\/\/redi.jalisco.gob.mx\/blog\/wp-json\/wp\/v2\/pages\/868\/revisions"}],"predecessor-version":[{"id":3682,"href":"https:\/\/redi.jalisco.gob.mx\/blog\/wp-json\/wp\/v2\/pages\/868\/revisions\/3682"}],"wp:attachment":[{"href":"https:\/\/redi.jalisco.gob.mx\/blog\/wp-json\/wp\/v2\/media?parent=868"}],"curies":[{"name":"wp","href":"https:\/\/api.w.org\/{rel}","templated":true}]}}