{"id":979,"date":"2023-09-21T23:48:37","date_gmt":"2023-09-21T23:48:37","guid":{"rendered":"https:\/\/redi.jalisco.gob.mx\/blog\/?page_id=979"},"modified":"2024-11-20T22:31:00","modified_gmt":"2024-11-20T22:31:00","slug":"eventos-redi-mascota","status":"publish","type":"page","link":"https:\/\/redi.jalisco.gob.mx\/blog\/eventos-redi-mascota\/","title":{"rendered":"Eventos REDI Mascota"},"content":{"rendered":"\t\t<div data-elementor-type=\"wp-page\" data-elementor-id=\"979\" class=\"elementor elementor-979\">\n\t\t\t\t\t\t<section class=\"elementor-section elementor-top-section elementor-element elementor-element-abd66f6 elementor-section-full_width elementor-section-height-min-height elementor-section-stretched elementor-section-height-default elementor-section-items-middle\" data-id=\"abd66f6\" data-element_type=\"section\" data-settings=\"{&quot;stretch_section&quot;:&quot;section-stretched&quot;,&quot;background_background&quot;:&quot;slideshow&quot;,&quot;background_slideshow_gallery&quot;:[{&quot;id&quot;:891,&quot;url&quot;:&quot;https:\\\/\\\/redi.jalisco.gob.mx\\\/blog\\\/wp-content\\\/uploads\\\/2023\\\/09\\\/bg-home-top.jpg&quot;},{&quot;id&quot;:892,&quot;url&quot;:&quot;https:\\\/\\\/redi.jalisco.gob.mx\\\/blog\\\/wp-content\\\/uploads\\\/2023\\\/09\\\/bg-home-top.png&quot;},{&quot;id&quot;:893,&quot;url&quot;:&quot;https:\\\/\\\/redi.jalisco.gob.mx\\\/blog\\\/wp-content\\\/uploads\\\/2023\\\/09\\\/bg-home-top2.png&quot;}],&quot;background_slideshow_slide_transition&quot;:&quot;slide_left&quot;,&quot;background_slideshow_loop&quot;:&quot;yes&quot;,&quot;background_slideshow_slide_duration&quot;:5000,&quot;background_slideshow_transition_duration&quot;:500}\">\n\t\t\t\t\t\t<div class=\"elementor-container elementor-column-gap-no\">\n\t\t\t\t\t<div class=\"elementor-column elementor-col-100 elementor-top-column elementor-element elementor-element-0031cc6\" data-id=\"0031cc6\" data-element_type=\"column\">\n\t\t\t<div class=\"elementor-widget-wrap elementor-element-populated\">\n\t\t\t\t\t\t<div class=\"elementor-element elementor-element-cda760c elementor-widget elementor-widget-heading\" data-id=\"cda760c\" data-element_type=\"widget\" data-widget_type=\"heading.default\">\n\t\t\t\t<div class=\"elementor-widget-container\">\n\t\t\t\t\t<h2 id=\"agenda-de-eventos\" class=\"elementor-heading-title elementor-size-default\">Agenda de <\/br> Eventos<\/h2>\t\t\t\t<\/div>\n\t\t\t\t<\/div>\n\t\t\t\t\t<\/div>\n\t\t<\/div>\n\t\t\t\t\t<\/div>\n\t\t<\/section>\n\t\t\t\t<section class=\"elementor-section elementor-top-section elementor-element elementor-element-339e36c elementor-section-full_width elementor-section-stretched elementor-section-height-default elementor-section-height-default\" data-id=\"339e36c\" data-element_type=\"section\" data-settings=\"{&quot;background_background&quot;:&quot;classic&quot;,&quot;stretch_section&quot;:&quot;section-stretched&quot;}\">\n\t\t\t\t\t\t\t<div class=\"elementor-background-overlay\"><\/div>\n\t\t\t\t\t\t\t<div class=\"elementor-container elementor-column-gap-default\">\n\t\t\t\t\t<div class=\"elementor-column elementor-col-100 elementor-top-column elementor-element elementor-element-d095e4f\" data-id=\"d095e4f\" data-element_type=\"column\">\n\t\t\t<div class=\"elementor-widget-wrap elementor-element-populated\">\n\t\t\t\t\t\t<div class=\"elementor-element elementor-element-9d89c6f elementor-widget elementor-widget-elementskit-heading\" data-id=\"9d89c6f\" data-element_type=\"widget\" data-widget_type=\"elementskit-heading.default\">\n\t\t\t\t<div class=\"elementor-widget-container\">\n\t\t\t\t\t<div class=\"ekit-wid-con\" ><div class=\"ekit-heading elementskit-section-title-wraper text_center   ekit_heading_tablet-   ekit_heading_mobile-\"><h2 id=\"redi-mascota\" class=\"ekit-heading--title elementskit-section-title \">REDi <span><span>Mascota<\/span><\/span><\/h2><div class=\"ekit_heading_separetor_wraper ekit_heading_elementskit-border-divider\"><div class=\"elementskit-border-divider\"><\/div><\/div><\/div><\/div>\t\t\t\t<\/div>\n\t\t\t\t<\/div>\n\t\t\t\t\t<\/div>\n\t\t<\/div>\n\t\t\t\t\t<\/div>\n\t\t<\/section>\n\t\t\t\t<section class=\"elementor-section elementor-top-section elementor-element elementor-element-8064fae elementor-section-boxed elementor-section-height-default elementor-section-height-default\" data-id=\"8064fae\" data-element_type=\"section\">\n\t\t\t\t\t\t<div class=\"elementor-container elementor-column-gap-default\">\n\t\t\t\t\t<div class=\"elementor-column elementor-col-100 elementor-top-column elementor-element elementor-element-1316f77\" data-id=\"1316f77\" data-element_type=\"column\">\n\t\t\t<div class=\"elementor-widget-wrap elementor-element-populated\">\n\t\t\t\t\t\t<section class=\"elementor-section elementor-inner-section elementor-element elementor-element-575c714 elementor-section-boxed elementor-section-height-default elementor-section-height-default\" data-id=\"575c714\" data-element_type=\"section\">\n\t\t\t\t\t\t<div class=\"elementor-container elementor-column-gap-default\">\n\t\t\t\t\t<div class=\"elementor-column elementor-col-50 elementor-inner-column elementor-element elementor-element-f99ca69\" data-id=\"f99ca69\" data-element_type=\"column\">\n\t\t\t<div class=\"elementor-widget-wrap elementor-element-populated\">\n\t\t\t\t\t\t<div class=\"elementor-element elementor-element-a1e23d4 elementor-widget elementor-widget-e_image_hover_effects\" data-id=\"a1e23d4\" data-element_type=\"widget\" data-widget_type=\"e_image_hover_effects.default\">\n\t\t\t\t<div class=\"elementor-widget-container\">\n\t\t\t\t\t\t\t\t<a href=\"https:\/\/www.eventbrite.com.mx\/e\/producto-turistico-con-identidad-segunda-sesion-tickets-1073260674569?aff=ebdsoporgprofile\">\n\t\t\t\t\t<div class=\"eihe-box eihe-fade-in-up eihe_\">\n\t\t\t\t<img fetchpriority=\"high\" decoding=\"async\" width=\"1200\" height=\"600\" src=\"https:\/\/redi.jalisco.gob.mx\/blog\/wp-content\/uploads\/2024\/11\/Mascota_06.11_TW.png\" class=\"attachment-full size-full wp-image-3512\" alt=\"\" srcset=\"https:\/\/redi.jalisco.gob.mx\/blog\/wp-content\/uploads\/2024\/11\/Mascota_06.11_TW.png 1200w, https:\/\/redi.jalisco.gob.mx\/blog\/wp-content\/uploads\/2024\/11\/Mascota_06.11_TW-300x150.png 300w, https:\/\/redi.jalisco.gob.mx\/blog\/wp-content\/uploads\/2024\/11\/Mascota_06.11_TW-1024x512.png 1024w, https:\/\/redi.jalisco.gob.mx\/blog\/wp-content\/uploads\/2024\/11\/Mascota_06.11_TW-768x384.png 768w, https:\/\/redi.jalisco.gob.mx\/blog\/wp-content\/uploads\/2024\/11\/Mascota_06.11_TW-110x55.png 110w, https:\/\/redi.jalisco.gob.mx\/blog\/wp-content\/uploads\/2024\/11\/Mascota_06.11_TW-200x100.png 200w, https:\/\/redi.jalisco.gob.mx\/blog\/wp-content\/uploads\/2024\/11\/Mascota_06.11_TW-380x190.png 380w, https:\/\/redi.jalisco.gob.mx\/blog\/wp-content\/uploads\/2024\/11\/Mascota_06.11_TW-255x128.png 255w, https:\/\/redi.jalisco.gob.mx\/blog\/wp-content\/uploads\/2024\/11\/Mascota_06.11_TW-550x275.png 550w, https:\/\/redi.jalisco.gob.mx\/blog\/wp-content\/uploads\/2024\/11\/Mascota_06.11_TW-800x400.png 800w, https:\/\/redi.jalisco.gob.mx\/blog\/wp-content\/uploads\/2024\/11\/Mascota_06.11_TW-1160x580.png 1160w\" sizes=\"(max-width: 1200px) 100vw, 1200px\" \/>\t\t\t\t<div class=\"eihe-caption\">\n\t\t\t\t\t<div class=\"eihe-title-cover\">\n\t\t\t\t\t\t\t\t\t\t\t\t<h3 id=\"experiencias-unicas-con-enfoque-local-producto-turistico-con-identidad-segunda-parte\" class=\"eihe-title\">Experiencias \u00danicas con enfoque Local: Producto Tur\u00edstico con Identidad (segunda parte)<\/h3>\n\t\t\t\t\t\t\t\t\t\t\t<\/div>\n\t\t\t\t\t<p>Sengudo taller del programa dirigido al empresas turisticas con el objetivo de contribuir a fomentar la competitividad e innovaci\u00f3n de los anfitriones de Turismo en Mascota, pueblo m\u00e1gico de Jalisco, M\u00e9xico. <\/p>\n\t\t\t\t<\/div>\n\t\t\t<\/div>\n\t\t\t\t\t<\/a>\n\t\t\t\t\t\t<\/div>\n\t\t\t\t<\/div>\n\t\t\t\t<div class=\"elementor-element elementor-element-5cc1063 elementor-widget elementor-widget-e_image_hover_effects\" data-id=\"5cc1063\" data-element_type=\"widget\" data-widget_type=\"e_image_hover_effects.default\">\n\t\t\t\t<div class=\"elementor-widget-container\">\n\t\t\t\t\t\t\t\t<a href=\"https:\/\/www.eventbrite.com.mx\/e\/mercado-virtual-lleva-tu-arte-local-al-mundo-tickets-1079886101399?aff=ebdsoporgprofile\">\n\t\t\t\t\t<div class=\"eihe-box eihe-fade-in-up eihe_\">\n\t\t\t\t<img decoding=\"async\" width=\"1200\" height=\"600\" src=\"https:\/\/redi.jalisco.gob.mx\/blog\/wp-content\/uploads\/2024\/11\/Mascota_22.11_TW.png\" class=\"attachment-full size-full wp-image-3660\" alt=\"\" srcset=\"https:\/\/redi.jalisco.gob.mx\/blog\/wp-content\/uploads\/2024\/11\/Mascota_22.11_TW.png 1200w, https:\/\/redi.jalisco.gob.mx\/blog\/wp-content\/uploads\/2024\/11\/Mascota_22.11_TW-300x150.png 300w, https:\/\/redi.jalisco.gob.mx\/blog\/wp-content\/uploads\/2024\/11\/Mascota_22.11_TW-1024x512.png 1024w, https:\/\/redi.jalisco.gob.mx\/blog\/wp-content\/uploads\/2024\/11\/Mascota_22.11_TW-768x384.png 768w, https:\/\/redi.jalisco.gob.mx\/blog\/wp-content\/uploads\/2024\/11\/Mascota_22.11_TW-110x55.png 110w, https:\/\/redi.jalisco.gob.mx\/blog\/wp-content\/uploads\/2024\/11\/Mascota_22.11_TW-200x100.png 200w, https:\/\/redi.jalisco.gob.mx\/blog\/wp-content\/uploads\/2024\/11\/Mascota_22.11_TW-380x190.png 380w, https:\/\/redi.jalisco.gob.mx\/blog\/wp-content\/uploads\/2024\/11\/Mascota_22.11_TW-255x128.png 255w, https:\/\/redi.jalisco.gob.mx\/blog\/wp-content\/uploads\/2024\/11\/Mascota_22.11_TW-550x275.png 550w, https:\/\/redi.jalisco.gob.mx\/blog\/wp-content\/uploads\/2024\/11\/Mascota_22.11_TW-800x400.png 800w, https:\/\/redi.jalisco.gob.mx\/blog\/wp-content\/uploads\/2024\/11\/Mascota_22.11_TW-1160x580.png 1160w\" sizes=\"(max-width: 1200px) 100vw, 1200px\" \/>\t\t\t\t<div class=\"eihe-caption\">\n\t\t\t\t\t<div class=\"eihe-title-cover\">\n\t\t\t\t\t\t\t\t\t\t\t\t<h3 id=\"mercado-virtual-lleva-tu-arte-local-al-mundo\" class=\"eihe-title\">Mercado Virtual: Lleva tu Arte Local al Mundo<\/h3>\n\t\t\t\t\t\t\t\t\t\t\t<\/div>\n\t\t\t\t\t<p>Este taller est\u00e1 dise\u00f1ado para equipar a los emprendedores de la regi\u00f3n de Mascota con las habilidades y conocimientos necesarios para establecer y potenciar su presencia en el comercio electr\u00f3nico. <\/p>\n\t\t\t\t<\/div>\n\t\t\t<\/div>\n\t\t\t\t\t<\/a>\n\t\t\t\t\t\t<\/div>\n\t\t\t\t<\/div>\n\t\t\t\t\t<\/div>\n\t\t<\/div>\n\t\t\t\t<div class=\"elementor-column elementor-col-50 elementor-inner-column elementor-element elementor-element-0b5d33c\" data-id=\"0b5d33c\" data-element_type=\"column\">\n\t\t\t<div class=\"elementor-widget-wrap elementor-element-populated\">\n\t\t\t\t\t\t<div class=\"elementor-element elementor-element-4a2c51e elementor-widget elementor-widget-e_image_hover_effects\" data-id=\"4a2c51e\" data-element_type=\"widget\" data-widget_type=\"e_image_hover_effects.default\">\n\t\t\t\t<div class=\"elementor-widget-container\">\n\t\t\t\t\t\t\t\t<div class=\"eihe-box eihe-fade-in-up eihe_\">\n\t\t\t\t<img decoding=\"async\" width=\"1200\" height=\"600\" src=\"https:\/\/redi.jalisco.gob.mx\/blog\/wp-content\/uploads\/2024\/11\/Mascota_14.11_TW.png\" class=\"attachment-full size-full wp-image-3612\" alt=\"\" srcset=\"https:\/\/redi.jalisco.gob.mx\/blog\/wp-content\/uploads\/2024\/11\/Mascota_14.11_TW.png 1200w, https:\/\/redi.jalisco.gob.mx\/blog\/wp-content\/uploads\/2024\/11\/Mascota_14.11_TW-300x150.png 300w, https:\/\/redi.jalisco.gob.mx\/blog\/wp-content\/uploads\/2024\/11\/Mascota_14.11_TW-1024x512.png 1024w, https:\/\/redi.jalisco.gob.mx\/blog\/wp-content\/uploads\/2024\/11\/Mascota_14.11_TW-768x384.png 768w, https:\/\/redi.jalisco.gob.mx\/blog\/wp-content\/uploads\/2024\/11\/Mascota_14.11_TW-110x55.png 110w, https:\/\/redi.jalisco.gob.mx\/blog\/wp-content\/uploads\/2024\/11\/Mascota_14.11_TW-200x100.png 200w, https:\/\/redi.jalisco.gob.mx\/blog\/wp-content\/uploads\/2024\/11\/Mascota_14.11_TW-380x190.png 380w, https:\/\/redi.jalisco.gob.mx\/blog\/wp-content\/uploads\/2024\/11\/Mascota_14.11_TW-255x128.png 255w, https:\/\/redi.jalisco.gob.mx\/blog\/wp-content\/uploads\/2024\/11\/Mascota_14.11_TW-550x275.png 550w, https:\/\/redi.jalisco.gob.mx\/blog\/wp-content\/uploads\/2024\/11\/Mascota_14.11_TW-800x400.png 800w, https:\/\/redi.jalisco.gob.mx\/blog\/wp-content\/uploads\/2024\/11\/Mascota_14.11_TW-1160x580.png 1160w\" sizes=\"(max-width: 1200px) 100vw, 1200px\" \/>\t\t\t\t<div class=\"eihe-caption\">\n\t\t\t\t\t<div class=\"eihe-title-cover\">\n\t\t\t\t\t\t\t\t\t\t\t\t<h3 id=\"corrida-financiera-para-negocios\" class=\"eihe-title\">Corrida financiera para negocios<\/h3>\n\t\t\t\t\t\t\t\t\t\t\t<\/div>\n\t\t\t\t\t<p>Los participantes aprender\u00e1n a elaborar proyecciones financieras, gestionar flujos de efectivo y analizar la viabilidad econ\u00f3mica de sus proyectos. <\/p>\n\t\t\t\t<\/div>\n\t\t\t<\/div>\n\t\t\t\t\t\t<\/div>\n\t\t\t\t<\/div>\n\t\t\t\t\t<\/div>\n\t\t<\/div>\n\t\t\t\t\t<\/div>\n\t\t<\/section>\n\t\t\t\t\t<\/div>\n\t\t<\/div>\n\t\t\t\t\t<\/div>\n\t\t<\/section>\n\t\t\t\t<section class=\"elementor-section elementor-top-section elementor-element elementor-element-e6b576b elementor-section-boxed elementor-section-height-default elementor-section-height-default\" data-id=\"e6b576b\" data-element_type=\"section\">\n\t\t\t\t\t\t<div class=\"elementor-container elementor-column-gap-default\">\n\t\t\t\t\t<div class=\"elementor-column elementor-col-100 elementor-top-column elementor-element elementor-element-dc66eda\" data-id=\"dc66eda\" data-element_type=\"column\">\n\t\t\t<div class=\"elementor-widget-wrap\">\n\t\t\t\t\t\t\t<\/div>\n\t\t<\/div>\n\t\t\t\t\t<\/div>\n\t\t<\/section>\n\t\t\t\t<\/div>\n\t\t","protected":false},"excerpt":{"rendered":"Agenda de Eventos REDi Mascota Experiencias \u00danicas con enfoque Local: Producto Tur\u00edstico con Identidad (segunda parte) Sengudo taller&hellip;\n","protected":false},"author":1,"featured_media":0,"parent":0,"menu_order":0,"comment_status":"closed","ping_status":"closed","template":"elementor_header_footer","meta":{"footnotes":""},"class_list":["post-979","page","type-page","status-publish"],"_links":{"self":[{"href":"https:\/\/redi.jalisco.gob.mx\/blog\/wp-json\/wp\/v2\/pages\/979","targetHints":{"allow":["GET"]}}],"collection":[{"href":"https:\/\/redi.jalisco.gob.mx\/blog\/wp-json\/wp\/v2\/pages"}],"about":[{"href":"https:\/\/redi.jalisco.gob.mx\/blog\/wp-json\/wp\/v2\/types\/page"}],"author":[{"embeddable":true,"href":"https:\/\/redi.jalisco.gob.mx\/blog\/wp-json\/wp\/v2\/users\/1"}],"replies":[{"embeddable":true,"href":"https:\/\/redi.jalisco.gob.mx\/blog\/wp-json\/wp\/v2\/comments?post=979"}],"version-history":[{"count":58,"href":"https:\/\/redi.jalisco.gob.mx\/blog\/wp-json\/wp\/v2\/pages\/979\/revisions"}],"predecessor-version":[{"id":3663,"href":"https:\/\/redi.jalisco.gob.mx\/blog\/wp-json\/wp\/v2\/pages\/979\/revisions\/3663"}],"wp:attachment":[{"href":"https:\/\/redi.jalisco.gob.mx\/blog\/wp-json\/wp\/v2\/media?parent=979"}],"curies":[{"name":"wp","href":"https:\/\/api.w.org\/{rel}","templated":true}]}}